{"id":603,"date":"2024-07-18T15:42:15","date_gmt":"2024-07-18T15:42:15","guid":{"rendered":"https:\/\/troqueldigital.com.ar\/landing\/?page_id=603"},"modified":"2025-03-14T14:34:10","modified_gmt":"2025-03-14T14:34:10","slug":"soporte-tecnico","status":"publish","type":"page","link":"https:\/\/troqueldigital.com.ar\/landing\/soporte-tecnico\/","title":{"rendered":"Reportar error"},"content":{"rendered":"\t\t<div data-elementor-type=\"wp-page\" data-elementor-id=\"603\" class=\"elementor elementor-603\" data-elementor-post-type=\"page\">\n\t\t\t\t<div class=\"elementor-element elementor-element-8bc1ad4 e-flex e-con-boxed e-con e-parent\" data-id=\"8bc1ad4\" data-element_type=\"container\" data-e-type=\"container\">\n\t\t\t\t\t<div class=\"e-con-inner\">\n\t\t\t\t<div class=\"elementor-element elementor-element-10dd290 elementor-widget elementor-widget-spacer\" data-id=\"10dd290\" data-element_type=\"widget\" data-e-type=\"widget\" data-widget_type=\"spacer.default\">\n\t\t\t\t<div class=\"elementor-widget-container\">\n\t\t\t\t\t\t\t<div class=\"elementor-spacer\">\n\t\t\t<div class=\"elementor-spacer-inner\"><\/div>\n\t\t<\/div>\n\t\t\t\t\t\t<\/div>\n\t\t\t\t<\/div>\n\t\t\t\t\t<\/div>\n\t\t\t\t<\/div>\n\t\t<div class=\"elementor-element elementor-element-4596e18 e-flex e-con-boxed e-con e-parent\" data-id=\"4596e18\" data-element_type=\"container\" data-e-type=\"container\">\n\t\t\t\t\t<div class=\"e-con-inner\">\n\t\t\t\t<div class=\"elementor-element elementor-element-9ec9112 elementor-widget elementor-widget-heading\" data-id=\"9ec9112\" data-element_type=\"widget\" data-e-type=\"widget\" data-widget_type=\"heading.default\">\n\t\t\t\t<div class=\"elementor-widget-container\">\n\t\t\t\t\t<h2 class=\"elementor-heading-title elementor-size-default\">Soporte T\u00e9cnico de la Aplicaci\u00f3n<\/h2>\t\t\t\t<\/div>\n\t\t\t\t<\/div>\n\t\t\t\t\t<\/div>\n\t\t\t\t<\/div>\n\t\t<div class=\"elementor-element elementor-element-1fd7642 e-flex e-con-boxed e-con e-parent\" data-id=\"1fd7642\" data-element_type=\"container\" data-e-type=\"container\">\n\t\t\t\t\t<div class=\"e-con-inner\">\n\t\t<div class=\"elementor-element elementor-element-578316b e-con-full e-flex e-con e-child\" data-id=\"578316b\" data-element_type=\"container\" data-e-type=\"container\">\n\t\t\t\t<div class=\"elementor-element elementor-element-d28f76a elementor-widget__width-initial elementor-widget elementor-widget-text-editor\" data-id=\"d28f76a\" data-element_type=\"widget\" data-e-type=\"widget\" data-widget_type=\"text-editor.default\">\n\t\t\t\t<div class=\"elementor-widget-container\">\n\t\t\t\t\t\t\t\t\t<p><span style=\"font-size: 22px;\">Estamos aqu\u00ed para asegurarnos de que tu experiencia con nuestra aplicaci\u00f3n sea lo m\u00e1s fluida posible. Si has encontrado alg\u00fan problema mientras la utilizas, por favor, ay\u00fadanos a entender mejor la situaci\u00f3n completando el siguiente formulario. <\/span><\/p>\t\t\t\t\t\t\t\t<\/div>\n\t\t\t\t<\/div>\n\t\t\t\t<\/div>\n\t\t<div class=\"elementor-element elementor-element-abcf6dc e-con-full e-flex e-con e-child\" data-id=\"abcf6dc\" data-element_type=\"container\" data-e-type=\"container\">\n\t\t\t\t<div class=\"elementor-element elementor-element-18a4a42 elementor-widget elementor-widget-heading\" data-id=\"18a4a42\" data-element_type=\"widget\" data-e-type=\"widget\" data-widget_type=\"heading.default\">\n\t\t\t\t<div class=\"elementor-widget-container\">\n\t\t\t\t\t<h3 class=\"elementor-heading-title elementor-size-default\">Si necesitas ayuda para comenzar, consulta nuestro instructivo aqu\u00ed\n\n<\/h3>\t\t\t\t<\/div>\n\t\t\t\t<\/div>\n\t\t\t\t<div class=\"elementor-element elementor-element-b7a5ec1 elementor-widget elementor-widget-button\" data-id=\"b7a5ec1\" data-element_type=\"widget\" data-e-type=\"widget\" data-widget_type=\"button.default\">\n\t\t\t\t<div class=\"elementor-widget-container\">\n\t\t\t\t\t\t\t\t\t<div class=\"elementor-button-wrapper\">\n\t\t\t\t\t<a class=\"elementor-button elementor-button-link elementor-size-sm\" href=\"https:\/\/troqueldigital.com.ar\/landing\/instructivo-troquel-digital\/\" target=\"_blank\">\n\t\t\t\t\t\t<span class=\"elementor-button-content-wrapper\">\n\t\t\t\t\t\t<span class=\"elementor-button-icon\">\n\t\t\t\t<svg aria-hidden=\"true\" class=\"e-font-icon-svg e-far-file-pdf\" viewBox=\"0 0 384 512\" xmlns=\"http:\/\/www.w3.org\/2000\/svg\"><path d=\"M369.9 97.9L286 14C277 5 264.8-.1 252.1-.1H48C21.5 0 0 21.5 0 48v416c0 26.5 21.5 48 48 48h288c26.5 0 48-21.5 48-48V131.9c0-12.7-5.1-25-14.1-34zM332.1 128H256V51.9l76.1 76.1zM48 464V48h160v104c0 13.3 10.7 24 24 24h104v288H48zm250.2-143.7c-12.2-12-47-8.7-64.4-6.5-17.2-10.5-28.7-25-36.8-46.3 3.9-16.1 10.1-40.6 5.4-56-4.2-26.2-37.8-23.6-42.6-5.9-4.4 16.1-.4 38.5 7 67.1-10 23.9-24.9 56-35.4 74.4-20 10.3-47 26.2-51 46.2-3.3 15.8 26 55.2 76.1-31.2 22.4-7.4 46.8-16.5 68.4-20.1 18.9 10.2 41 17 55.8 17 25.5 0 28-28.2 17.5-38.7zm-198.1 77.8c5.1-13.7 24.5-29.5 30.4-35-19 30.3-30.4 35.7-30.4 35zm81.6-190.6c7.4 0 6.7 32.1 1.8 40.8-4.4-13.9-4.3-40.8-1.8-40.8zm-24.4 136.6c9.7-16.9 18-37 24.7-54.7 8.3 15.1 18.9 27.2 30.1 35.5-20.8 4.3-38.9 13.1-54.8 19.2zm131.6-5s-5 6-37.3-7.8c35.1-2.6 40.9 5.4 37.3 7.8z\"><\/path><\/svg>\t\t\t<\/span>\n\t\t\t\t\t\t\t\t\t<span class=\"elementor-button-text\">Ver instructivo de la aplicaci\u00f3n<\/span>\n\t\t\t\t\t<\/span>\n\t\t\t\t\t<\/a>\n\t\t\t\t<\/div>\n\t\t\t\t\t\t\t\t<\/div>\n\t\t\t\t<\/div>\n\t\t\t\t<div class=\"elementor-element elementor-element-775621f elementor-widget elementor-widget-html\" data-id=\"775621f\" data-element_type=\"widget\" data-e-type=\"widget\" data-widget_type=\"html.default\">\n\t\t\t\t<div class=\"elementor-widget-container\">\n\t\t\t\t\t<div class=\"forminator-ui forminator-custom-form forminator-custom-form-608 forminator-design--default forminator-enclosed forminator_ajax\" data-forminator-render=\"0\" data-form=\"forminator-module-608\" data-uid=\"69f58204646e9\"><br\/><\/div><form\n\t\t\t\tid=\"forminator-module-608\"\n\t\t\t\tclass=\"forminator-ui forminator-custom-form forminator-custom-form-608 forminator-design--default forminator-enclosed forminator_ajax\"\n\t\t\t\tmethod=\"post\"\n\t\t\t\tdata-forminator-render=\"0\"\n\t\t\t\tdata-form-id=\"608\"\n\t\t\t\t data-color-option=\"default\" data-design=\"default\" data-grid=\"enclosed\" style=\"display: none;\"\n\t\t\t\tdata-uid=\"69f58204646e9\"\n\t\t\t><div role=\"alert\" aria-live=\"polite\" class=\"forminator-response-message forminator-error\" aria-hidden=\"true\"><\/div><div class=\"forminator-row\"><div id=\"textarea-1\" class=\"forminator-field-textarea forminator-col forminator-col-12 \"><div class=\"forminator-field\"><label for=\"forminator-field-textarea-1_69f58204646e9\" id=\"forminator-field-textarea-1_69f58204646e9-label\" class=\"forminator-label\">Asunto o inconveniente <span class=\"forminator-required\">*<\/span><\/label><textarea name=\"textarea-1\" placeholder=\"Coloque una descripcion detallada del problema aqui, por favor...\" id=\"forminator-field-textarea-1_69f58204646e9\" class=\"forminator-textarea\" rows=\"6\" style=\"--forminator-textarea-min-height:140px;\" maxlength=\"300\" ><\/textarea><span id=\"forminator-field-textarea-1_69f58204646e9-description\" class=\"forminator-description\"><span data-limit=\"300\" data-type=\"characters\" data-editor=\"\">0 \/ 300<\/span><\/span><\/div><\/div><\/div><div class=\"forminator-row\"><div id=\"name-1\" class=\"forminator-field-name forminator-col forminator-col-6 \"><div class=\"forminator-field\"><label for=\"forminator-field-name-1_69f58204646e9\" id=\"forminator-field-name-1_69f58204646e9-label\" class=\"forminator-label\">Nombre de Usuario <span class=\"forminator-required\">*<\/span><\/label><input type=\"text\" name=\"name-1\" value=\"\" placeholder=\"O escriba su nombre y apellido\" id=\"forminator-field-name-1_69f58204646e9\" class=\"forminator-input forminator-name--field\" aria-required=\"true\" autocomplete=\"name\" \/><\/div><\/div><div id=\"name-5\" class=\"forminator-field-name forminator-col forminator-col-6 \"><div class=\"forminator-field\"><label for=\"forminator-field-name-5_69f58204646e9\" id=\"forminator-field-name-5_69f58204646e9-label\" class=\"forminator-label\">Nombre de Farmacia <span class=\"forminator-required\">*<\/span><\/label><input type=\"text\" name=\"name-5\" value=\"\" placeholder=\"Nombre completo de la farmacia\" id=\"forminator-field-name-5_69f58204646e9\" class=\"forminator-input forminator-name--field\" aria-required=\"true\" autocomplete=\"name\" \/><\/div><\/div><\/div><div class=\"forminator-row\"><div id=\"phone-1\" class=\"forminator-field-phone forminator-col forminator-col-6 \"><div class=\"forminator-field\"><label for=\"forminator-field-phone-1_69f58204646e9\" id=\"forminator-field-phone-1_69f58204646e9-label\" class=\"forminator-label\">Tel\u00e9fono<\/label><input type=\"text\" name=\"phone-1\" value=\"\" placeholder=\"Ejemplo: +54  Area Telefono\" id=\"forminator-field-phone-1_69f58204646e9\" class=\"forminator-input forminator-field--phone\" data-required=\"\" aria-required=\"false\" autocomplete=\"off\" \/><\/div><\/div><div id=\"email-1\" class=\"forminator-field-email forminator-col forminator-col-6 \"><div class=\"forminator-field\"><label for=\"forminator-field-email-1_69f58204646e9\" id=\"forminator-field-email-1_69f58204646e9-label\" class=\"forminator-label\">Direcci\u00f3n de correo electr\u00f3nico <span class=\"forminator-required\">*<\/span><\/label><input type=\"email\" name=\"email-1\" value=\"\" placeholder=\"\" id=\"forminator-field-email-1_69f58204646e9\" class=\"forminator-input forminator-email--field\" data-required=\"true\" aria-required=\"true\" autocomplete=\"email\" \/><\/div><\/div><\/div><div class=\"forminator-row\"><div id=\"address-1\" class=\"forminator-field-address forminator-col forminator-col-12 \"><div class=\"forminator-row\" data-multiple=\"true\"><div id=\"address-1-city\" class=\"forminator-col forminator-col-6\"><div class=\"forminator-field\"><label for=\"forminator-field-address-1-city_69f58204646e9\" id=\"forminator-field-address-1-city_69f58204646e9-label\" class=\"forminator-label\">Ciudad<\/label><input type=\"text\" name=\"address-1-city\" placeholder=\"Indique su ciudad\" id=\"forminator-field-address-1-city_69f58204646e9\" class=\"forminator-input\" data-required=\"\" aria-required=\"false\" autocomplete=\"address-level2\" value=\"\" \/><\/div><\/div><div id=\"address-1-state\" class=\"forminator-col forminator-col-6\"><div class=\"forminator-field\"><label for=\"forminator-field-address-1-state_69f58204646e9\" id=\"forminator-field-address-1-state_69f58204646e9-label\" class=\"forminator-label\">Estado\/Provincia<\/label><input type=\"text\" name=\"address-1-state\" placeholder=\"Indique la provincia\" id=\"forminator-field-address-1-state_69f58204646e9\" class=\"forminator-input\" data-required=\"\" aria-required=\"false\" autocomplete=\"address-level1\" value=\"\" \/><\/div><\/div><\/div><\/div><\/div><div class=\"forminator-row\"><div id=\"captcha-1\" class=\"forminator-field-captcha forminator-col forminator-col-12 \"><div class=\"forminator-captcha-left forminator-g-recaptcha\" data-theme=\"light\"  data-sitekey=\"6LeQGucpAAAAAEQilI3z5e0wuG5yS83BRdMchERY\" data-size=\"normal\"><\/div> <\/div><\/div><input type=\"hidden\" name=\"referer_url\" value=\"\" \/><div class=\"forminator-row forminator-row-last\"><div class=\"forminator-col\"><div class=\"forminator-field\"><button class=\"forminator-button forminator-button-submit\">Enviar mensaje<\/button><\/div><\/div><\/div><input type=\"hidden\" id=\"forminator_nonce\" name=\"forminator_nonce\" value=\"2ecba5db37\" \/><input type=\"hidden\" name=\"_wp_http_referer\" value=\"\/landing\/wp-json\/wp\/v2\/pages\/603\" \/><input type=\"hidden\" name=\"form_id\" value=\"608\"><input type=\"hidden\" name=\"page_id\" value=\"603\"><input type=\"hidden\" name=\"form_type\" value=\"default\"><input type=\"hidden\" name=\"current_url\" value=\"https:\/\/troqueldigital.com.ar\/landing\/soporte-tecnico\/\"><input type=\"hidden\" name=\"render_id\" value=\"0\"><input type=\"hidden\" name=\"action\" value=\"forminator_submit_form_custom-forms\"><\/form>\t\t\t\t<\/div>\n\t\t\t\t<\/div>\n\t\t\t\t<\/div>\n\t\t\t\t\t<\/div>\n\t\t\t\t<\/div>\n\t\t\t\t<\/div>\n\t\t","protected":false},"excerpt":{"rendered":"<p>Soporte T\u00e9cnico de la Aplicaci\u00f3n Estamos aqu\u00ed para asegurarnos de que tu experiencia con nuestra aplicaci\u00f3n sea lo m\u00e1s fluida posible. Si has encontrado alg\u00fan problema mientras la utilizas, por favor, ay\u00fadanos a entender mejor la situaci\u00f3n completando el siguiente formulario. Si necesitas ayuda para comenzar, consulta nuestro instructivo aqu\u00ed Ver instructivo de la aplicaci\u00f3n<\/p>\n","protected":false},"author":3,"featured_media":0,"parent":0,"menu_order":0,"comment_status":"closed","ping_status":"closed","template":"","meta":{"_joinchat":[],"footnotes":""},"class_list":["post-603","page","type-page","status-publish","hentry"],"aioseo_notices":[],"_links":{"self":[{"href":"https:\/\/troqueldigital.com.ar\/landing\/wp-json\/wp\/v2\/pages\/603","targetHints":{"allow":["GET"]}}],"collection":[{"href":"https:\/\/troqueldigital.com.ar\/landing\/wp-json\/wp\/v2\/pages"}],"about":[{"href":"https:\/\/troqueldigital.com.ar\/landing\/wp-json\/wp\/v2\/types\/page"}],"author":[{"embeddable":true,"href":"https:\/\/troqueldigital.com.ar\/landing\/wp-json\/wp\/v2\/users\/3"}],"replies":[{"embeddable":true,"href":"https:\/\/troqueldigital.com.ar\/landing\/wp-json\/wp\/v2\/comments?post=603"}],"version-history":[{"count":19,"href":"https:\/\/troqueldigital.com.ar\/landing\/wp-json\/wp\/v2\/pages\/603\/revisions"}],"predecessor-version":[{"id":698,"href":"https:\/\/troqueldigital.com.ar\/landing\/wp-json\/wp\/v2\/pages\/603\/revisions\/698"}],"wp:attachment":[{"href":"https:\/\/troqueldigital.com.ar\/landing\/wp-json\/wp\/v2\/media?parent=603"}],"curies":[{"name":"wp","href":"https:\/\/api.w.org\/{rel}","templated":true}]}}